{"id":109,"date":"2024-06-10T12:33:24","date_gmt":"2024-06-10T12:33:24","guid":{"rendered":"https:\/\/quizmama.dk\/?page_id=109"},"modified":"2024-06-10T12:33:24","modified_gmt":"2024-06-10T12:33:24","slug":"kunderne-siger","status":"publish","type":"page","link":"https:\/\/quizmama.dk\/?page_id=109","title":{"rendered":"Kunderne siger"},"content":{"rendered":"\n<p><strong>Musikquiz til sommerfest <\/strong><\/p>\n\n\n\n<p><em>Vi takker for super god underholdning, hvor alle var med og havde en fest gennem hele quizzen. Tak for at ramme vores m\u00e5lgruppe med en bred vifte af musikgenrer.<\/em><\/p>\n\n\n\n<p><strong>Musikquiz til julefrokost<\/strong><\/p>\n\n\n\n<p><em>Tilbagemeldingen fra deltagerne var, at det var rigtig sjovt og godt varieret i sp\u00f8rgsm\u00e5lene i quizzen. Det var ogs\u00e5 fedt, at den var bygget op, s\u00e5 der var musik til og ikke &#8220;bare&#8221; sp\u00f8rgsm\u00e5l. Det gav en god stemning. Vi var meget tilfredse.<\/em><\/p>\n","protected":false},"excerpt":{"rendered":"<p>Musikquiz til sommerfest Vi takker for super god underholdning, hvor alle var med og havde en fest gennem hele quizzen. Tak for at ramme vores m\u00e5lgruppe med en bred vifte af musikgenrer. Musikquiz til julefrokost Tilbagemeldingen fra deltagerne var, at &hellip; <a href=\"https:\/\/quizmama.dk\/?page_id=109\">Continue reading <span class=\"meta-nav\">&rarr;<\/span><\/a><\/p>\n","protected":false},"author":1,"featured_media":0,"parent":0,"menu_order":0,"comment_status":"closed","ping_status":"closed","template":"","meta":{"footnotes":""},"class_list":["post-109","page","type-page","status-publish","hentry"],"_links":{"self":[{"href":"https:\/\/quizmama.dk\/index.php?rest_route=\/wp\/v2\/pages\/109","targetHints":{"allow":["GET"]}}],"collection":[{"href":"https:\/\/quizmama.dk\/index.php?rest_route=\/wp\/v2\/pages"}],"about":[{"href":"https:\/\/quizmama.dk\/index.php?rest_route=\/wp\/v2\/types\/page"}],"author":[{"embeddable":true,"href":"https:\/\/quizmama.dk\/index.php?rest_route=\/wp\/v2\/users\/1"}],"replies":[{"embeddable":true,"href":"https:\/\/quizmama.dk\/index.php?rest_route=%2Fwp%2Fv2%2Fcomments&post=109"}],"version-history":[{"count":0,"href":"https:\/\/quizmama.dk\/index.php?rest_route=\/wp\/v2\/pages\/109\/revisions"}],"wp:attachment":[{"href":"https:\/\/quizmama.dk\/index.php?rest_route=%2Fwp%2Fv2%2Fmedia&parent=109"}],"curies":[{"name":"wp","href":"https:\/\/api.w.org\/{rel}","templated":true}]}}