{"id":11,"date":"2023-11-12T12:59:49","date_gmt":"2023-11-12T12:59:49","guid":{"rendered":"https:\/\/quizmama.dk\/?page_id=11"},"modified":"2023-11-12T12:59:49","modified_gmt":"2023-11-12T12:59:49","slug":"om-mig","status":"publish","type":"page","link":"https:\/\/quizmama.dk\/?page_id=11","title":{"rendered":"Hvad er konceptet?"},"content":{"rendered":"\n<p>Jeg sammens\u00e6tter en musikquiz ud fra dine \u00f8nsker, s\u00e5 du f\u00e5r pr\u00e6cis den musikquiz, der passer til dine g\u00e6ster. Der vil ofte v\u00e6re forskel p\u00e5 den musikken, der passer til til Peters 20 \u00e5rs f\u00f8dselsdag og til 50 \u00e5rs jubil\u00e6um med folkeskolen.<\/p>\n\n\n\n<p>Det kan synes nemt at lave en musikquiz, men det viser sig ofte at v\u00e6re temmelig tidskr\u00e6vende at finde p\u00e5 de gode kategorier, den helt rigtige musik, der passer til, finde det rigtige tidspunkt i sangen samt at f\u00e5 det struktureret, s\u00e5 det bliver en overskuelig og lettilg\u00e6ngelig quiz for deltagerne. Dette arbejde g\u00f8r jeg for dig, og s\u00e5 kan du ogs\u00e5 selv f\u00e5 lov at v\u00e6re med til festlighederne.<\/p>\n\n\n\n<p>Quizzen kommer i udgangspunktet til at foreg\u00e5 via en storsk\u00e6rm og jeres mobiltelefoner &#8211; som du sikkert kender det fra fx. Kahoot, og jeg st\u00e5r for at guide jer sikkert igennem quizzen.<\/p>\n\n\n\n<p>Jeg medbringer udstyr til quizzen &#8211; I s\u00f8rger for hygge og godt hum\u00f8r og en evt. pr\u00e6mie til vinderen.<\/p>\n\n\n\n<p><\/p>\n","protected":false},"excerpt":{"rendered":"<p>Jeg sammens\u00e6tter en musikquiz ud fra dine \u00f8nsker, s\u00e5 du f\u00e5r pr\u00e6cis den musikquiz, der passer til dine g\u00e6ster. Der vil ofte v\u00e6re forskel p\u00e5 den musikken, der passer til til Peters 20 \u00e5rs f\u00f8dselsdag og til 50 \u00e5rs jubil\u00e6um &hellip; <a href=\"https:\/\/quizmama.dk\/?page_id=11\">Continue reading <span class=\"meta-nav\">&rarr;<\/span><\/a><\/p>\n","protected":false},"author":1,"featured_media":0,"parent":0,"menu_order":0,"comment_status":"closed","ping_status":"closed","template":"","meta":{"footnotes":""},"class_list":["post-11","page","type-page","status-publish","hentry"],"_links":{"self":[{"href":"https:\/\/quizmama.dk\/index.php?rest_route=\/wp\/v2\/pages\/11","targetHints":{"allow":["GET"]}}],"collection":[{"href":"https:\/\/quizmama.dk\/index.php?rest_route=\/wp\/v2\/pages"}],"about":[{"href":"https:\/\/quizmama.dk\/index.php?rest_route=\/wp\/v2\/types\/page"}],"author":[{"embeddable":true,"href":"https:\/\/quizmama.dk\/index.php?rest_route=\/wp\/v2\/users\/1"}],"replies":[{"embeddable":true,"href":"https:\/\/quizmama.dk\/index.php?rest_route=%2Fwp%2Fv2%2Fcomments&post=11"}],"version-history":[{"count":0,"href":"https:\/\/quizmama.dk\/index.php?rest_route=\/wp\/v2\/pages\/11\/revisions"}],"wp:attachment":[{"href":"https:\/\/quizmama.dk\/index.php?rest_route=%2Fwp%2Fv2%2Fmedia&parent=11"}],"curies":[{"name":"wp","href":"https:\/\/api.w.org\/{rel}","templated":true}]}}