{"id":33,"date":"2023-11-12T15:27:35","date_gmt":"2023-11-12T15:27:35","guid":{"rendered":"https:\/\/quizmama.dk\/?page_id=33"},"modified":"2023-11-12T15:27:35","modified_gmt":"2023-11-12T15:27:35","slug":"om-mig-2","status":"publish","type":"page","link":"https:\/\/quizmama.dk\/?page_id=33","title":{"rendered":"Om mig"},"content":{"rendered":"\n<p>Jeg hedder Christina, er i midt fyrrerne og bor lidt nord for Aarhus. En meget stor del af min fritid g\u00e5r med at synge og lytte til musik, og jeg har altid v\u00e6ret k\u00e6mpefan af quizzer &#8211; og musikquizzer i s\u00e6rdeleshed.<\/p>\n\n\n\n<p>Da Danmark lukkede ned for anden gang under Corona, besluttede jeg mig for at samle s\u00e5 mange som muligt til en online-musikquiz. Det viste sig hurtigt at v\u00e6re en stor succes og fortsatte p\u00e5 m\u00e5nedlig basis indtil sommeren kom, og folk efterh\u00e5nden havde mere behov for at ses i virkeligheden.<\/p>\n\n\n\n<p>Jeg har siden da holdt flere musikquizzer live til forskellige arrangementer, og jeg elsker at se gl\u00e6den hos folk, n\u00e5r de genkender en bestemt sang eller f\u00e5r svaret rigtigt.<\/p>\n\n\n\n<p>Musikquiz bringer gl\u00e6de og grin uanset hvor og med hvem, de bliver holdt.<\/p>\n\n\n\n<p><\/p>\n\n\n\n<p><\/p>\n","protected":false},"excerpt":{"rendered":"<p>Jeg hedder Christina, er i midt fyrrerne og bor lidt nord for Aarhus. En meget stor del af min fritid g\u00e5r med at synge og lytte til musik, og jeg har altid v\u00e6ret k\u00e6mpefan af quizzer &#8211; og musikquizzer i &hellip; <a href=\"https:\/\/quizmama.dk\/?page_id=33\">Continue reading <span class=\"meta-nav\">&rarr;<\/span><\/a><\/p>\n","protected":false},"author":1,"featured_media":0,"parent":0,"menu_order":3,"comment_status":"closed","ping_status":"closed","template":"","meta":{"footnotes":""},"class_list":["post-33","page","type-page","status-publish","hentry"],"_links":{"self":[{"href":"https:\/\/quizmama.dk\/index.php?rest_route=\/wp\/v2\/pages\/33","targetHints":{"allow":["GET"]}}],"collection":[{"href":"https:\/\/quizmama.dk\/index.php?rest_route=\/wp\/v2\/pages"}],"about":[{"href":"https:\/\/quizmama.dk\/index.php?rest_route=\/wp\/v2\/types\/page"}],"author":[{"embeddable":true,"href":"https:\/\/quizmama.dk\/index.php?rest_route=\/wp\/v2\/users\/1"}],"replies":[{"embeddable":true,"href":"https:\/\/quizmama.dk\/index.php?rest_route=%2Fwp%2Fv2%2Fcomments&post=33"}],"version-history":[{"count":0,"href":"https:\/\/quizmama.dk\/index.php?rest_route=\/wp\/v2\/pages\/33\/revisions"}],"wp:attachment":[{"href":"https:\/\/quizmama.dk\/index.php?rest_route=%2Fwp%2Fv2%2Fmedia&parent=33"}],"curies":[{"name":"wp","href":"https:\/\/api.w.org\/{rel}","templated":true}]}}