{"id":38,"date":"2023-11-12T15:51:08","date_gmt":"2023-11-12T15:51:08","guid":{"rendered":"https:\/\/quizmama.dk\/?page_id=38"},"modified":"2023-11-12T15:51:08","modified_gmt":"2023-11-12T15:51:08","slug":"kontakt-og-booking","status":"publish","type":"page","link":"https:\/\/quizmama.dk\/?page_id=38","title":{"rendered":"Kontakt og booking"},"content":{"rendered":"\n<p>Send mig en besked om dit arrangement, s\u00e5 vi sammen kan skr\u00e6ddersy lige pr\u00e6cis den musikquiz, du kunne \u00f8nske dig.<\/p>\n\n\n\n<p>[wpforms id=&#8221;82&#8243;]<\/p>\n\n\n\n<p>booking@quizmama.dk<\/p>\n\n\n\n<p>Tlf.6021 0708<\/p>\n\n\n<p><a target=\"_top\" title=\"Musikquiz til din fest v. Quizmama p\u00e5 Eventzonen\" href=\"https:\/\/eventzonen.dk\/musikquiz-til-din-fest\" rel=\"noopener\"><img decoding=\"async\" alt=\"Musikquiz til din fest v. Quizmama, musikalsk underholdning fra Aarhus\" src=\"https:\/\/eventzonen.dk\/musikquiz-til-din-fest\/embed\/badge?plural=singular&#038;size=logo_badge&#038;style=dark&#038;text_color=white\" \/><\/a><\/p>\n","protected":false},"excerpt":{"rendered":"<p>Send mig en besked om dit arrangement, s\u00e5 vi sammen kan skr\u00e6ddersy lige pr\u00e6cis den musikquiz, du kunne \u00f8nske dig. [wpforms id=&#8221;82&#8243;] booking@quizmama.dk Tlf.6021 0708<\/p>\n","protected":false},"author":1,"featured_media":0,"parent":0,"menu_order":4,"comment_status":"closed","ping_status":"closed","template":"","meta":{"footnotes":""},"class_list":["post-38","page","type-page","status-publish","hentry"],"_links":{"self":[{"href":"https:\/\/quizmama.dk\/index.php?rest_route=\/wp\/v2\/pages\/38","targetHints":{"allow":["GET"]}}],"collection":[{"href":"https:\/\/quizmama.dk\/index.php?rest_route=\/wp\/v2\/pages"}],"about":[{"href":"https:\/\/quizmama.dk\/index.php?rest_route=\/wp\/v2\/types\/page"}],"author":[{"embeddable":true,"href":"https:\/\/quizmama.dk\/index.php?rest_route=\/wp\/v2\/users\/1"}],"replies":[{"embeddable":true,"href":"https:\/\/quizmama.dk\/index.php?rest_route=%2Fwp%2Fv2%2Fcomments&post=38"}],"version-history":[{"count":0,"href":"https:\/\/quizmama.dk\/index.php?rest_route=\/wp\/v2\/pages\/38\/revisions"}],"wp:attachment":[{"href":"https:\/\/quizmama.dk\/index.php?rest_route=%2Fwp%2Fv2%2Fmedia&parent=38"}],"curies":[{"name":"wp","href":"https:\/\/api.w.org\/{rel}","templated":true}]}}