{"id":50,"date":"2023-11-12T17:59:19","date_gmt":"2023-11-12T17:59:19","guid":{"rendered":"https:\/\/quizmama.dk\/?page_id=50"},"modified":"2023-11-12T17:59:19","modified_gmt":"2023-11-12T17:59:19","slug":"home","status":"publish","type":"page","link":"https:\/\/quizmama.dk\/","title":{"rendered":"S\u00e6t gang i festen med et brag af en musikquiz"},"content":{"rendered":"\n<p>Er du ved at planl\u00e6gge en firmafest, en polterabend eller din runde f\u00f8dselsdag og mangler en aktivitet, der b\u00e5de kan bringe dine g\u00e6ster t\u00e6ttere sammen og s\u00e6tte gang i din fest, s\u00e5 er en musikquiz det helt rigtige valg. <\/p>\n\n\n\n<p>Mine quizzer er ikke forbeholdt bestemte fester, men kan laves s\u00e5 de passer bedst til dit arrangement. Jeg tilpasser min quiz efter dine \u00f8nsker med musik, der passer til konteksten og dine g\u00e6ster.<\/p>\n\n\n\n<p>Mine musikquizzer giver smil p\u00e5 l\u00e6ben, god stemning og bringer folk sammen og kan blive startskuddet til en fantastisk aften.<\/p>\n","protected":false},"excerpt":{"rendered":"<p>Er du ved at planl\u00e6gge en firmafest, en polterabend eller din runde f\u00f8dselsdag og mangler en aktivitet, der b\u00e5de kan bringe dine g\u00e6ster t\u00e6ttere sammen og s\u00e6tte gang i din fest, s\u00e5 er en musikquiz det helt rigtige valg. Mine &hellip; <a href=\"https:\/\/quizmama.dk\/\">Continue reading <span class=\"meta-nav\">&rarr;<\/span><\/a><\/p>\n","protected":false},"author":1,"featured_media":0,"parent":0,"menu_order":0,"comment_status":"closed","ping_status":"closed","template":"","meta":{"footnotes":""},"class_list":["post-50","page","type-page","status-publish","hentry"],"_links":{"self":[{"href":"https:\/\/quizmama.dk\/index.php?rest_route=\/wp\/v2\/pages\/50","targetHints":{"allow":["GET"]}}],"collection":[{"href":"https:\/\/quizmama.dk\/index.php?rest_route=\/wp\/v2\/pages"}],"about":[{"href":"https:\/\/quizmama.dk\/index.php?rest_route=\/wp\/v2\/types\/page"}],"author":[{"embeddable":true,"href":"https:\/\/quizmama.dk\/index.php?rest_route=\/wp\/v2\/users\/1"}],"replies":[{"embeddable":true,"href":"https:\/\/quizmama.dk\/index.php?rest_route=%2Fwp%2Fv2%2Fcomments&post=50"}],"version-history":[{"count":0,"href":"https:\/\/quizmama.dk\/index.php?rest_route=\/wp\/v2\/pages\/50\/revisions"}],"wp:attachment":[{"href":"https:\/\/quizmama.dk\/index.php?rest_route=%2Fwp%2Fv2%2Fmedia&parent=50"}],"curies":[{"name":"wp","href":"https:\/\/api.w.org\/{rel}","templated":true}]}}